{"id":5894,"date":"2024-10-01T16:01:22","date_gmt":"2024-10-01T21:01:22","guid":{"rendered":"https:\/\/lidservicessac.com\/?page_id=5894"},"modified":"2024-10-01T16:24:29","modified_gmt":"2024-10-01T21:24:29","slug":"libro-de-reclamaciones-planes","status":"publish","type":"page","link":"https:\/\/lidservicessac.com\/index.php\/libro-de-reclamaciones-planes\/","title":{"rendered":"Libro de Reclamaciones &#8211; Planes"},"content":{"rendered":"\t\t<div data-elementor-type=\"wp-page\" data-elementor-id=\"5894\" class=\"elementor elementor-5894\">\n\t\t\t\t<div class=\"elementor-element elementor-element-8a3a683 e-flex e-con-boxed e-con e-parent\" data-id=\"8a3a683\" data-element_type=\"container\">\n\t\t\t\t\t<div class=\"e-con-inner\">\n\t\t\t\t<div class=\"elementor-element elementor-element-864fc51 elementor-widget elementor-widget-text-editor\" data-id=\"864fc51\" data-element_type=\"widget\" data-widget_type=\"text-editor.default\">\n\t\t\t\t<div class=\"elementor-widget-container\">\n\t\t\t\t\t\t\t\t\t<p>&#8220;Descubre nuestros planes de precios dise\u00f1ados para facilitar la gesti\u00f3n eficiente de reclamaciones en tu negocio. Con nuestro libro de reclamaciones digital, simplifica el proceso de recibir, organizar y resolver las solicitudes de tus clientes, asegurando cumplimiento normativo y una experiencia de usuario impecable. Elige el plan que mejor se adapte a las necesidades de tu empresa y mejora la satisfacci\u00f3n de tus clientes de manera r\u00e1pida y sencilla.&#8221;<\/p>\t\t\t\t\t\t\t\t<\/div>\n\t\t\t\t<\/div>\n\t\t\t\t\t<\/div>\n\t\t\t\t<\/div>\n\t\t<div class=\"elementor-element elementor-element-0509135 e-flex e-con-boxed e-con e-parent\" data-id=\"0509135\" data-element_type=\"container\">\n\t\t\t\t\t<div class=\"e-con-inner\">\n\t\t\t\t<div class=\"elementor-element elementor-element-27dbe56 elementor-widget elementor-widget-appkupricing\" data-id=\"27dbe56\" data-element_type=\"widget\" data-widget_type=\"appkupricing.default\">\n\t\t\t\t<div class=\"elementor-widget-container\">\n\t\t\t\t\t<!------------------------------- Pricing Area start -------------------------------><div class=\"pricing-area\"><div class=\"container\"><div class=\"pricing-style-two-box\"><div class=\"row\"><!-- Single Item --><div class=\"single-item pricing-style-two col-lg-4 col-md-6 active\"><div class=\"pricing-item\"><div class=\"pricing-header\"><h4>Plan B\u00e1sico<\/h4><\/div><div class=\"price\"> <h2><sup>S\/<\/sup>100 <sub>\/ A\u00f1o<\/sub><\/h2><\/div><p><strong>Incluye:<\/strong><\/p><ul><li>Hasta 100 reclamos anuales<\/li><li>1 Administrador<\/li><li>1 Gestor<\/li><li>Alertas y Notificaciones<\/li><li>Soporte permanente<\/li><\/ul><a  href=\"#\" class=\"btn circle btn-theme effect btn-md\">Cont\u00e1ctenos <\/a><\/div><\/div><!-- Single Item --><div class=\"single-item pricing-style-two col-lg-4 col-md-6 active\"><div class=\"pricing-item\"><div class=\"pricing-header\"><h4>Plan Profesional<\/h4><\/div><div class=\"price\"> <h2><sup>S\/<\/sup>250 <sub>\/ A\u00f1o<\/sub><\/h2><\/div><ul><li><strong>Incluye:<\/strong><\/li><li>Hasta 500 reclamos anuales<\/li><li>1 Administrador<\/li><li>3 Gestores<\/li><li>Alertas y Notificaciones<\/li><li>Soporte permanente<\/li><\/ul><a  href=\"#\" class=\"btn circle btn-theme effect btn-md\">Cont\u00e1ctenos <\/a><\/div><\/div><!-- Single Item --><div class=\"single-item pricing-style-two col-lg-4 col-md-6 active\"><div class=\"pricing-item\"><div class=\"pricing-header\"><h4>Plan Corporativo<\/h4><\/div><div class=\"price\"> <h2><sup>S\/<\/sup>500 <sub>\/ A\u00f1o<\/sub><\/h2><\/div><p><strong>Incluye:<\/strong><\/p><ul><li>Hasta 1200 reclamos anuales<\/li><li>2 Administradores<\/li><li>5 Gestores<\/li><li>Alertas y Notificaciones<\/li><li>Soporte permanente<\/li><\/ul><a  href=\"#\" class=\"btn circle btn-theme effect btn-md\">Cont\u00e1ctenos <\/a><\/div><\/div><\/div><\/div><\/div><\/div><!--------------------------------- Pricing Area end --------------------------------->\t\t\t\t<\/div>\n\t\t\t\t<\/div>\n\t\t\t\t\t<\/div>\n\t\t\t\t<\/div>\n\t\t<div class=\"elementor-element elementor-element-c256db4 e-flex e-con-boxed e-con e-parent\" data-id=\"c256db4\" data-element_type=\"container\">\n\t\t\t\t\t<div class=\"e-con-inner\">\n\t\t<div class=\"elementor-element elementor-element-e5ff4cf e-con-full e-flex e-con e-child\" data-id=\"e5ff4cf\" data-element_type=\"container\">\n\t\t\t\t<\/div>\n\t\t<div class=\"elementor-element elementor-element-596d84f e-con-full e-flex e-con e-child\" data-id=\"596d84f\" data-element_type=\"container\">\n\t\t\t\t<div class=\"elementor-element elementor-element-3e98ad2 elementor-widget elementor-widget-accordion\" data-id=\"3e98ad2\" data-element_type=\"widget\" data-widget_type=\"accordion.default\">\n\t\t\t\t<div class=\"elementor-widget-container\">\n\t\t\t\t\t\t\t<div class=\"elementor-accordion\">\n\t\t\t\t\t\t\t<div class=\"elementor-accordion-item\">\n\t\t\t\t\t<div id=\"elementor-tab-title-6561\" class=\"elementor-tab-title\" data-tab=\"1\" role=\"button\" aria-controls=\"elementor-tab-content-6561\" aria-expanded=\"false\">\n\t\t\t\t\t\t\t\t\t\t\t\t<a class=\"elementor-accordion-title\" tabindex=\"0\">\u00bfQu\u00e9 es un libro de reclamaciones virtual?<\/a>\n\t\t\t\t\t<\/div>\n\t\t\t\t\t<div id=\"elementor-tab-content-6561\" class=\"elementor-tab-content elementor-clearfix\" data-tab=\"1\" role=\"region\" aria-labelledby=\"elementor-tab-title-6561\"><p>Un libro de reclamaciones virtual es una plataforma digital que permite a los clientes presentar quejas, sugerencias o consultas a una empresa de manera online, facilitando la comunicaci\u00f3n entre las partes y el cumplimiento normativo.<\/p><\/div>\n\t\t\t\t<\/div>\n\t\t\t\t\t\t\t<div class=\"elementor-accordion-item\">\n\t\t\t\t\t<div id=\"elementor-tab-title-6562\" class=\"elementor-tab-title\" data-tab=\"2\" role=\"button\" aria-controls=\"elementor-tab-content-6562\" aria-expanded=\"false\">\n\t\t\t\t\t\t\t\t\t\t\t\t<a class=\"elementor-accordion-title\" tabindex=\"0\">\u00bfEs obligatorio tener un libro de reclamaciones virtual?<\/a>\n\t\t\t\t\t<\/div>\n\t\t\t\t\t<div id=\"elementor-tab-content-6562\" class=\"elementor-tab-content elementor-clearfix\" data-tab=\"2\" role=\"region\" aria-labelledby=\"elementor-tab-title-6562\"><p>Depende de las regulaciones de cada pa\u00eds. En muchos casos, las empresas est\u00e1n obligadas por ley a contar con un libro de reclamaciones, ya sea f\u00edsico o virtual, para permitir que los clientes expresen sus quejas y sugerencias de forma accesible.<\/p><\/div>\n\t\t\t\t<\/div>\n\t\t\t\t\t\t\t<div class=\"elementor-accordion-item\">\n\t\t\t\t\t<div id=\"elementor-tab-title-6563\" class=\"elementor-tab-title\" data-tab=\"3\" role=\"button\" aria-controls=\"elementor-tab-content-6563\" aria-expanded=\"false\">\n\t\t\t\t\t\t\t\t\t\t\t\t<a class=\"elementor-accordion-title\" tabindex=\"0\">\u00bfCu\u00e1les son las ventajas de un libro de reclamaciones virtual frente a uno f\u00edsico?<\/a>\n\t\t\t\t\t<\/div>\n\t\t\t\t\t<div id=\"elementor-tab-content-6563\" class=\"elementor-tab-content elementor-clearfix\" data-tab=\"3\" role=\"region\" aria-labelledby=\"elementor-tab-title-6563\"><p>Un libro de reclamaciones virtual ofrece mayor accesibilidad, simplifica la gesti\u00f3n de las reclamaciones, reduce el uso de papel y proporciona herramientas de seguimiento y an\u00e1lisis que un libro f\u00edsico no puede ofrecer.<\/p><\/div>\n\t\t\t\t<\/div>\n\t\t\t\t\t\t\t<div class=\"elementor-accordion-item\">\n\t\t\t\t\t<div id=\"elementor-tab-title-6564\" class=\"elementor-tab-title\" data-tab=\"4\" role=\"button\" aria-controls=\"elementor-tab-content-6564\" aria-expanded=\"false\">\n\t\t\t\t\t\t\t\t\t\t\t\t<a class=\"elementor-accordion-title\" tabindex=\"0\">\u00bfC\u00f3mo se presenta una reclamaci\u00f3n en un libro de reclamaciones virtual?<\/a>\n\t\t\t\t\t<\/div>\n\t\t\t\t\t<div id=\"elementor-tab-content-6564\" class=\"elementor-tab-content elementor-clearfix\" data-tab=\"4\" role=\"region\" aria-labelledby=\"elementor-tab-title-6564\"><p>Los clientes acceden a la plataforma online, completan un formulario con sus datos y la descripci\u00f3n de su queja o sugerencia, y la env\u00edan de forma electr\u00f3nica. Reciben una confirmaci\u00f3n y pueden hacer seguimiento de su solicitud.<\/p><\/div>\n\t\t\t\t<\/div>\n\t\t\t\t\t\t\t<div class=\"elementor-accordion-item\">\n\t\t\t\t\t<div id=\"elementor-tab-title-6565\" class=\"elementor-tab-title\" data-tab=\"5\" role=\"button\" aria-controls=\"elementor-tab-content-6565\" aria-expanded=\"false\">\n\t\t\t\t\t\t\t\t\t\t\t\t<a class=\"elementor-accordion-title\" tabindex=\"0\">\u00bfC\u00f3mo me ayuda un libro de reclamaciones virtual a mejorar mi negocio?<\/a>\n\t\t\t\t\t<\/div>\n\t\t\t\t\t<div id=\"elementor-tab-content-6565\" class=\"elementor-tab-content elementor-clearfix\" data-tab=\"5\" role=\"region\" aria-labelledby=\"elementor-tab-title-6565\"><p>Permite identificar problemas recurrentes y \u00e1reas de mejora a trav\u00e9s del an\u00e1lisis de las reclamaciones, facilitando la toma de decisiones para mejorar la calidad del servicio o producto, y aumentando la satisfacci\u00f3n del cliente.<\/p><\/div>\n\t\t\t\t<\/div>\n\t\t\t\t\t\t\t\t\t\t<script type=\"application\/ld+json\">{\"@context\":\"https:\\\/\\\/schema.org\",\"@type\":\"FAQPage\",\"mainEntity\":[{\"@type\":\"Question\",\"name\":\"\\u00bfQu\\u00e9 es un libro de reclamaciones virtual?\",\"acceptedAnswer\":{\"@type\":\"Answer\",\"text\":\"<p>Un libro de reclamaciones virtual es una plataforma digital que permite a los clientes presentar quejas, sugerencias o consultas a una empresa de manera online, facilitando la comunicaci\\u00f3n entre las partes y el cumplimiento normativo.<\\\/p>\"}},{\"@type\":\"Question\",\"name\":\"\\u00bfEs obligatorio tener un libro de reclamaciones virtual?\",\"acceptedAnswer\":{\"@type\":\"Answer\",\"text\":\"<p>Depende de las regulaciones de cada pa\\u00eds. En muchos casos, las empresas est\\u00e1n obligadas por ley a contar con un libro de reclamaciones, ya sea f\\u00edsico o virtual, para permitir que los clientes expresen sus quejas y sugerencias de forma accesible.<\\\/p>\"}},{\"@type\":\"Question\",\"name\":\"\\u00bfCu\\u00e1les son las ventajas de un libro de reclamaciones virtual frente a uno f\\u00edsico?\",\"acceptedAnswer\":{\"@type\":\"Answer\",\"text\":\"<p>Un libro de reclamaciones virtual ofrece mayor accesibilidad, simplifica la gesti\\u00f3n de las reclamaciones, reduce el uso de papel y proporciona herramientas de seguimiento y an\\u00e1lisis que un libro f\\u00edsico no puede ofrecer.<\\\/p>\"}},{\"@type\":\"Question\",\"name\":\"\\u00bfC\\u00f3mo se presenta una reclamaci\\u00f3n en un libro de reclamaciones virtual?\",\"acceptedAnswer\":{\"@type\":\"Answer\",\"text\":\"<p>Los clientes acceden a la plataforma online, completan un formulario con sus datos y la descripci\\u00f3n de su queja o sugerencia, y la env\\u00edan de forma electr\\u00f3nica. Reciben una confirmaci\\u00f3n y pueden hacer seguimiento de su solicitud.<\\\/p>\"}},{\"@type\":\"Question\",\"name\":\"\\u00bfC\\u00f3mo me ayuda un libro de reclamaciones virtual a mejorar mi negocio?\",\"acceptedAnswer\":{\"@type\":\"Answer\",\"text\":\"<p>Permite identificar problemas recurrentes y \\u00e1reas de mejora a trav\\u00e9s del an\\u00e1lisis de las reclamaciones, facilitando la toma de decisiones para mejorar la calidad del servicio o producto, y aumentando la satisfacci\\u00f3n del cliente.<\\\/p>\"}}]}<\/script>\n\t\t\t\t\t<\/div>\n\t\t\t\t\t\t<\/div>\n\t\t\t\t<\/div>\n\t\t\t\t<\/div>\n\t\t<div class=\"elementor-element elementor-element-7243939 e-con-full e-flex e-con e-child\" data-id=\"7243939\" data-element_type=\"container\">\n\t\t\t\t<\/div>\n\t\t\t\t\t<\/div>\n\t\t\t\t<\/div>\n\t\t\t\t<\/div>\n\t\t","protected":false},"excerpt":{"rendered":"<p>&#8220;Descubre nuestros planes de precios dise\u00f1ados para facilitar la gesti\u00f3n eficiente de reclamaciones en tu negocio. Con nuestro libro de reclamaciones digital, simplifica el proceso de recibir, organizar y resolver las solicitudes de tus clientes, asegurando cumplimiento normativo y una experiencia de usuario impecable. Elige el plan que mejor se adapte a las necesidades de&#8230;<\/p>\n","protected":false},"author":2,"featured_media":0,"parent":0,"menu_order":0,"comment_status":"closed","ping_status":"closed","template":"","meta":{"footnotes":""},"class_list":["post-5894","page","type-page","status-publish","hentry"],"aioseo_notices":[],"_links":{"self":[{"href":"https:\/\/lidservicessac.com\/index.php\/wp-json\/wp\/v2\/pages\/5894","targetHints":{"allow":["GET"]}}],"collection":[{"href":"https:\/\/lidservicessac.com\/index.php\/wp-json\/wp\/v2\/pages"}],"about":[{"href":"https:\/\/lidservicessac.com\/index.php\/wp-json\/wp\/v2\/types\/page"}],"author":[{"embeddable":true,"href":"https:\/\/lidservicessac.com\/index.php\/wp-json\/wp\/v2\/users\/2"}],"replies":[{"embeddable":true,"href":"https:\/\/lidservicessac.com\/index.php\/wp-json\/wp\/v2\/comments?post=5894"}],"version-history":[{"count":10,"href":"https:\/\/lidservicessac.com\/index.php\/wp-json\/wp\/v2\/pages\/5894\/revisions"}],"predecessor-version":[{"id":5905,"href":"https:\/\/lidservicessac.com\/index.php\/wp-json\/wp\/v2\/pages\/5894\/revisions\/5905"}],"wp:attachment":[{"href":"https:\/\/lidservicessac.com\/index.php\/wp-json\/wp\/v2\/media?parent=5894"}],"curies":[{"name":"wp","href":"https:\/\/api.w.org\/{rel}","templated":true}]}}